{"id":546,"date":"2015-11-05T06:03:59","date_gmt":"2015-11-05T06:03:59","guid":{"rendered":"https:\/\/motors.stylemixthemes.com\/demo\/?page_id=546"},"modified":"2023-11-09T21:30:54","modified_gmt":"2023-11-09T21:30:54","slug":"service","status":"publish","type":"page","link":"https:\/\/wieliczka.samochodzusa.pl\/index.php\/service\/","title":{"rendered":"Service"},"content":{"rendered":"<p>[vc_row css=&#8221;.vc_custom_1446724724284{margin-top: 33px !important;margin-bottom: 42px !important;}&#8221;][vc_column width=&#8221;2\/3&#8243; css=&#8221;.vc_custom_1446724718390{margin-bottom: 42px !important;}&#8221;][vc_column_text css=&#8221;.vc_custom_1699354314522{margin-bottom: 24px !important;}&#8221;]<\/p>\n<h2><span style=\"color: #cc6119;\">Samoch\u00f3dzUSA.PL<\/span> Tw\u00f3j importer z USA i Kanady<\/h2>\n<p>[\/vc_column_text][vc_column_text css=&#8221;.vc_custom_1699354416345{margin-bottom: 31px !important;padding-left: 2px !important;}&#8221;]Oferujemy kompleksowe us\u0142ugi importowe, obejmuj\u0105ce ca\u0142y proces sprowadzania samochod\u00f3w i innych pojazd\u00f3w z rynku Ameryki P\u00f3\u0142nocnej, zar\u00f3wno z USA, jak i Kanady. Nasz profesjonalizm objawia si\u0119 w ka\u017cdym etapie &#8211; od identyfikacji i zakupu wybranego pojazdu na aukcji, przez bezpieczny transport do Polski, a\u017c po obs\u0142ug\u0119 wszelkich formalno\u015bci zwi\u0105zanych z rejestracj\u0105 pojazdu w kraju.<\/p>\n<p>Specjalizujemy si\u0119 w dostarczaniu szerokiej gamy pojazd\u00f3w &#8211; od luksusowych aut, przez motocykle i quady, po \u0142odzie. Nasza firma gwarantuje dostaw\u0119 pojazd\u00f3w bezpo\u015brednio pod wskazany adres klienta lub do wybranego warsztatu.[\/vc_column_text][vc_custom_heading text=&#8221;OUR SERVICES INCLUDE&#8221; font_container=&#8221;tag:h4|text_align:left&#8221; use_theme_fonts=&#8221;yes&#8221; css=&#8221;.vc_custom_1446703859040{margin-bottom: 20px !important;}&#8221;][vc_row_inner css=&#8221;.vc_custom_1446703897866{margin-bottom: 30px !important;}&#8221;][vc_column_inner width=&#8221;1\/2&#8243;][vc_column_text]<\/p>\n<ul class=\"list-style-1\">\n<li>Ponad 7 lat do\u015bwiadczenia<\/li>\n<li>Sprawdzona Historia i Przebieg<\/li>\n<li>Kilkaset importowanych aut<\/li>\n<li>Bezpieczne zasady wsp\u00f3\u0142pracy<\/li>\n<li>Kontakt na ka\u017cdym etapie importu<\/li>\n<\/ul>\n<p>[\/vc_column_text][\/vc_column_inner][vc_column_inner width=&#8221;1\/2&#8243;][vc_column_text]<\/p>\n<ul class=\"list-style-1\">\n<li>Terminowo\u015b\u0107<\/li>\n<li>Szybkie czasy realizacji<\/li>\n<li>Profesjonalne doradztwo w wyborze i zakupie pojazdu<\/li>\n<li>Pe\u0142n\u0105 obs\u0142ug\u0119 logistyczn\u0105 i transport na terenie Polski<\/li>\n<li>Minimalizacj\u0119 formalno\u015bci po stronie klienta<\/li>\n<\/ul>\n<p>[\/vc_column_text][\/vc_column_inner][\/vc_row_inner][vc_column_text css=&#8221;.vc_custom_1699354431858{padding-left: 2px !important;}&#8221;]Posiadamy rozbudowan\u0105 sie\u0107 kontakt\u00f3w oraz sprawdzonych partner\u00f3w, dzi\u0119ki czemu nasze us\u0142ugi importowe stoj\u0105 na najwy\u017cszym poziomie. Zdobyte przez lata do\u015bwiadczenie pozwala nam na optymalizacj\u0119 wszystkich proces\u00f3w, co przek\u0142ada si\u0119 na skr\u00f3cenie czasu oczekiwania na pojazd oraz redukcj\u0119 koszt\u00f3w.<\/p>\n<p>Nasza oferta skierowana jest do tych, kt\u00f3rzy ceni\u0105 sobie czas, wygod\u0119 oraz pewno\u015b\u0107, \u017ce wszystkie aspekty importu zostan\u0105 profesjonalnie za\u0142atwione. Zapewniamy wsparcie na ka\u017cdym kroku i dbamy o to, aby nasi klienci byli w pe\u0142ni zadowoleni z naszych us\u0142ug.<\/p>\n<p>Skontaktuj si\u0119 z nami, aby dowiedzie\u0107 si\u0119 wi\u0119cej o mo\u017cliwo\u015bciach importu pojazd\u00f3w z Ameryki P\u00f3\u0142nocnej i skorzysta\u0107 z us\u0142ug firmy, kt\u00f3ra zna si\u0119 na rzeczy.[\/vc_column_text][\/vc_column][vc_column width=&#8221;1\/3&#8243; css=&#8221;.vc_custom_1446703675847{margin-top: 13px !important;}&#8221;][vc_single_image image=&#8221;4008&#8243; img_size=&#8221;256&#215;96&#8243; stm_fancybox=&#8221;yes&#8221; css=&#8221;.vc_custom_1699354853190{margin-bottom: 25px !important;}&#8221;][vc_single_image image=&#8221;4009&#8243; img_size=&#8221;350&#215;205&#8243; stm_fancybox=&#8221;yes&#8221;][\/vc_column][\/vc_row][vc_row][vc_column][stm_media_library title=&#8221;Ostatnie realizacje&#8221; images=&#8221;3971,3972,3973,3974,3975,3976,3977,3978,3979,3980,3981,3982,3983,3984,3985,3986,3987,3988,3989,3990,3991,3992,3993,3994,3995,3997,3998,3999,4000,4001,4002,4003,4004,4005&#8243;][\/vc_column][\/vc_row][vc_row css=&#8221;.vc_custom_1446724426854{margin-bottom: 0px !important;}&#8221;][vc_column][stm_call_to_action_2 call_to_action_icon=&#8221;stm-icon-question&#8221; call_to_action_icon_right=&#8221;stm-icon-phone2&#8243; call_to_action_text_color=&#8221;#ffffff&#8221; call_to_action_label=&#8221;Masz pytania? Zadzwo\u0144 dzi\u015b!&#8221; call_to_action_label_right=&#8221;+48 660 424 935&#8243;][\/vc_column][\/vc_row]<\/p>\n","protected":false},"excerpt":{"rendered":"<p>[vc_row css=&#8221;.vc_custom_1446724724284{margin-top: 33px !important;margin-bottom: 42px !important;}&#8221;][vc_column width=&#8221;2\/3&#8243; css=&#8221;.vc_custom_1446724718390{margin-bottom: 42px !important;}&#8221;][vc_column_text css=&#8221;.vc_custom_1699354314522{margin-bottom: 24px !important;}&#8221;] Samoch\u00f3dzUSA.PL Tw\u00f3j importer z USA i Kanady [\/vc_column_text][vc_column_text css=&#8221;.vc_custom_1699354416345{margin-bottom: 31px !important;padding-left: 2px !important;}&#8221;]Oferujemy kompleksowe us\u0142ugi importowe, obejmuj\u0105ce ca\u0142y proces sprowadzania samochod\u00f3w i innych pojazd\u00f3w z rynku Ameryki P\u00f3\u0142nocnej, zar\u00f3wno z USA, jak i Kanady. Nasz profesjonalizm objawia si\u0119 w ka\u017cdym etapie &#8211;&#8230;<\/p>\n","protected":false},"author":1,"featured_media":0,"parent":0,"menu_order":0,"comment_status":"closed","ping_status":"closed","template":"","meta":{"footnotes":""},"class_list":["post-546","page","type-page","status-publish","hentry"],"_links":{"self":[{"href":"https:\/\/wieliczka.samochodzusa.pl\/index.php\/wp-json\/wp\/v2\/pages\/546","targetHints":{"allow":["GET"]}}],"collection":[{"href":"https:\/\/wieliczka.samochodzusa.pl\/index.php\/wp-json\/wp\/v2\/pages"}],"about":[{"href":"https:\/\/wieliczka.samochodzusa.pl\/index.php\/wp-json\/wp\/v2\/types\/page"}],"author":[{"embeddable":true,"href":"https:\/\/wieliczka.samochodzusa.pl\/index.php\/wp-json\/wp\/v2\/users\/1"}],"replies":[{"embeddable":true,"href":"https:\/\/wieliczka.samochodzusa.pl\/index.php\/wp-json\/wp\/v2\/comments?post=546"}],"version-history":[{"count":8,"href":"https:\/\/wieliczka.samochodzusa.pl\/index.php\/wp-json\/wp\/v2\/pages\/546\/revisions"}],"predecessor-version":[{"id":4013,"href":"https:\/\/wieliczka.samochodzusa.pl\/index.php\/wp-json\/wp\/v2\/pages\/546\/revisions\/4013"}],"wp:attachment":[{"href":"https:\/\/wieliczka.samochodzusa.pl\/index.php\/wp-json\/wp\/v2\/media?parent=546"}],"curies":[{"name":"wp","href":"https:\/\/api.w.org\/{rel}","templated":true}]}}