{"id":1360,"date":"2015-09-18T09:48:28","date_gmt":"2015-09-18T09:48:28","guid":{"rendered":"https:\/\/motors.stylemixthemes.com\/demo\/?page_id=5"},"modified":"2023-11-09T18:31:53","modified_gmt":"2023-11-09T18:31:53","slug":"front-page","status":"publish","type":"page","link":"https:\/\/wieliczka.samochodzusa.pl\/","title":{"rendered":"Front page"},"content":{"rendered":"<p>[vc_row full_width=&#8221;stretch_row&#8221; css=&#8221;.vc_custom_1448545243300{margin-bottom: 0px !important;}&#8221; el_class=&#8221;stm-slider-nice-height&#8221;][vc_column][rev_slider_vc alias=&#8221;home_slider&#8221;][\/vc_column][\/vc_row][vc_row stm_fullwidth=&#8221;yes&#8221; blackout_opacity=&#8221;20&#8243; css=&#8221;.vc_custom_1699386454624{margin-bottom: 0px !important;padding-top: 137px !important;padding-bottom: 113px !important;background-image: url(http:\/\/samochodzusa.pl\/wp-content\/uploads\/2023\/11\/aerial-view-salvage-junk-yard.jpg?id=4022) !important;}&#8221; el_class=&#8221;stm-mt-icon-box-adaptive-style-one&#8221;][vc_column offset=&#8221;vc_col-lg-6&#8243; css=&#8221;.vc_custom_1448967644598{margin-bottom: 30px !important;}&#8221;][stm_icon_box icon=&#8221;stm-icon-car_search&#8221; icon_size=&#8221;54&#8243; box_bg_color=&#8221;#fab637&#8243; box_text_color=&#8221;#232628&#8243; link=&#8221;url:https%3A%2F%2Fsamochodzusa.pl%2Findex.php%2Fservice%2F|title:Nasze%20realizacje&#8221; title=&#8221;Szukasz samochodu?&#8221; line_height=&#8221;17&#8243; icon_color=&#8221;#232628&#8243;]<span style=\"color: #ffffff;\">Pomo\u017cemy Ci znale\u017a\u0107 tw\u00f3j wymarzony samoch\u00f3d! I sprowadzimy go dla ciebie przy minimum formalno\u015bci!<\/span>[\/stm_icon_box][\/vc_column][vc_column offset=&#8221;vc_col-lg-6&#8243; css=&#8221;.vc_custom_1448967649806{margin-bottom: 30px !important;}&#8221;][stm_icon_box icon=&#8221;stm-icon-car_sale&#8221; title=&#8221;Chcesz kupi\u0107 auto taniej ni\u017c w kraju?&#8221; box_bg_color=&#8221;#ff4848&#8243; line_height=&#8221;17&#8243; icon_color=&#8221;#232628&#8243; link=&#8221;url:https%3A%2F%2Fsamochodzusa.pl%2Findex.php%2Fservice%2F|title:Nasze%20realizacje&#8221;]<span style=\"color: #ffffff;\">Uszkodzone samochody s\u0105 bardzo tanie w USA dlatego g\u0142ownie takie sprowadzamy! Ale je\u015bli szukasz nie uszkodzonego samochodu r\u00f3wnie\u017c mo\u017cemy Ci pom\u00f3c!<\/span>[\/stm_icon_box][\/vc_column][\/vc_row][vc_row full_width=&#8221;stretch_row&#8221; css=&#8221;.vc_custom_1448968797570{margin-bottom: 0px !important;padding-top: 51px !important;padding-bottom: 62px !important;background-color: #f0f2f5 !important;}&#8221; el_class=&#8221;stm-adaptive-tablet-margins&#8221;][vc_column][vc_row_inner css=&#8221;.vc_custom_1448532576588{margin-bottom: 0px !important;}&#8221;][vc_column_inner][vc_custom_heading text=&#8221;Dlaczego my?&#8221; font_container=&#8221;tag:h2|text_align:center&#8221; use_theme_fonts=&#8221;yes&#8221; css=&#8221;.vc_custom_1699368120256{margin-bottom: 23px !important;}&#8221;][\/vc_column_inner][\/vc_row_inner][vc_row_inner css=&#8221;.vc_custom_1448532584673{margin-bottom: 54px !important;}&#8221;][vc_column_inner][stm_color_separator color=&#8221;#cc6119&#8243;][\/vc_column_inner][\/vc_row_inner][vc_row_inner css=&#8221;.vc_custom_1448861118351{margin-bottom: 9px !important;}&#8221; el_class=&#8221;stm-icon-box-adaptive-style-three&#8221;][vc_column_inner width=&#8221;1\/4&#8243;][stm_icon_box title_holder=&#8221;h6&#8243; icon=&#8221;stm-icon-label&#8221; title=&#8221;Minimum formalno\u015bci!&#8221; box_bg_color=&#8221;rgba(255,255,255,0.01)&#8221; css=&#8221;.vc_custom_1699368168837{margin-bottom: 46px !important;padding-top: 0px !important;padding-right: 0px !important;padding-bottom: 0px !important;padding-left: 29px !important;}&#8221; icon_size=&#8221;52&#8243; css_icon=&#8221;.vc_custom_1699368168836{margin-top: 4px !important;margin-right: 23px !important;}&#8221; line_height=&#8221;16&#8243;]<span style=\"color: #888888; line-height: 16px;\">Podpisujesz z nami umow\u0119 o import pojazdu gdzie wszystko jest jasno przedstawione.<\/span>[\/stm_icon_box][\/vc_column_inner][vc_column_inner width=&#8221;1\/4&#8243;][stm_icon_box title_holder=&#8221;h6&#8243; icon=&#8221;stm-icon-speedometr&#8221; title=&#8221;Szybki czas realizacji&#8221; box_bg_color=&#8221;rgba(255,255,255,0.01)&#8221; css=&#8221;.vc_custom_1699368209878{margin-bottom: 46px !important;padding-top: 0px !important;padding-right: 0px !important;padding-bottom: 0px !important;padding-left: 18px !important;}&#8221; css_icon=&#8221;.vc_custom_1699368209877{margin-top: 2px !important;margin-right: 22px !important;}&#8221; line_height=&#8221;16&#8243;]Dzi\u0119ki wysy\u0142ce z wielu port\u00f3w z USA jeste\u015bmy w stanie bardzo szybko dostarcza\u0107 pojazdy.[\/stm_icon_box][\/vc_column_inner][vc_column_inner width=&#8221;1\/4&#8243;][stm_icon_box title_holder=&#8221;h6&#8243; icon=&#8221;stm-icon-chat&#8221; title=&#8221;Zaufa\u0142y nam setki klient\u00f3w!&#8221; box_bg_color=&#8221;rgba(255,255,255,0.01)&#8221; css=&#8221;.vc_custom_1699368265340{margin-bottom: 46px !important;padding-top: 0px !important;padding-right: 0px !important;padding-bottom: 0px !important;padding-left: 9px !important;}&#8221; icon_size=&#8221;44&#8243; css_icon=&#8221;.vc_custom_1699368265339{margin-top: 3px !important;margin-right: 17px !important;}&#8221; line_height=&#8221;16&#8243;]<span style=\"color: #888888; line-height: 16px;\">Wiele lat do\u015bwiadczenia i setki sprowadzonych samochod\u00f3w sprawiaj\u0105 \u017ce wsp\u00f3\u0142praca z Nami jest bez problemowa i gwarantujemy satysfakcj\u0119 naszych klient\u00f3w!\u00a0<\/span>[\/stm_icon_box][\/vc_column_inner][vc_column_inner width=&#8221;1\/4&#8243;][stm_icon_box title_holder=&#8221;h6&#8243; icon=&#8221;stm-icon-application&#8221; title=&#8221;Kompleksowe us\u0142ugi&#8221; box_bg_color=&#8221;rgba(255,255,255,0.01)&#8221; css=&#8221;.vc_custom_1699554709252{margin-bottom: 46px !important;padding-top: 0px !important;padding-right: 0px !important;padding-bottom: 0px !important;padding-left: 6px !important;}&#8221; icon_size=&#8221;52&#8243; css_icon=&#8221;.vc_custom_1699554709251{margin-top: -1px !important;margin-right: 29px !important;}&#8221; line_height=&#8221;16&#8243;]<span style=\"color: #888888; line-height: 16px;\">Poprzez znalezienie wylicytowanie, transport, odprawy celno-skarbowe towarzyszymy co na ka\u017cdym etapie i pomagamy we wszystkim. Oraz naprawy na \u017cyczenie!<\/span>[\/stm_icon_box][\/vc_column_inner][\/vc_row_inner][\/vc_column][\/vc_row][vc_row stm_fullwidth=&#8221;yes&#8221; blackout_opacity=&#8221;40&#8243; css=&#8221;.vc_custom_1699386472018{margin-bottom: 0px !important;padding-top: 83px !important;padding-bottom: 79px !important;background-image: url(http:\/\/samochodzusa.pl\/wp-content\/uploads\/2023\/11\/2560-x-1440-car-13jwcpl2ylf85ww9.jpg?id=4023) !important;}&#8221;][vc_column el_class=&#8221;stm-icon-box-adaptive-style-one&#8221; offset=&#8221;vc_col-lg-6 vc_col-md-8&#8243;][stm_icon_box bottom_triangle=&#8221;true&#8221; css=&#8221;.vc_custom_1699368426627{padding-top: 65px !important;padding-right: 80px !important;padding-bottom: 56px !important;padding-left: 63px !important;}&#8221;]<\/p>\n<h2 style=\"margin-bottom: 25px;\">Tw\u00f3j importer z USA<br \/>\n<span style=\"color: #ffffff;\">Samochodzusa.pl<\/span><\/h2>\n<p><span style=\"color: #232628; line-height: 20px; font-size: 14px;\">Z nasz\u0105 specjalistyczn\u0105 pomoc\u0105 tw\u00f3j samoch\u00f3d jest bezpieczny przez ca\u0142y okres importu, jeste\u015bmy dla ciebie do dyspozycji przez ca\u0142y ten czas! S\u0142u\u017cymy swoj\u0105 pomoc\u0105 oraz do\u015bwiadczeniem!<\/span>[\/stm_icon_box][\/vc_column][vc_column width=&#8221;1\/2&#8243;][\/vc_column][\/vc_row]<\/p>\n","protected":false},"excerpt":{"rendered":"<p>[vc_row full_width=&#8221;stretch_row&#8221; css=&#8221;.vc_custom_1448545243300{margin-bottom: 0px !important;}&#8221; el_class=&#8221;stm-slider-nice-height&#8221;][vc_column][rev_slider_vc alias=&#8221;home_slider&#8221;][\/vc_column][\/vc_row][vc_row stm_fullwidth=&#8221;yes&#8221; blackout_opacity=&#8221;20&#8243; css=&#8221;.vc_custom_1699386454624{margin-bottom: 0px !important;padding-top: 137px !important;padding-bottom: 113px !important;background-image: url(http:\/\/samochodzusa.pl\/wp-content\/uploads\/2023\/11\/aerial-view-salvage-junk-yard.jpg?id=4022) !important;}&#8221; el_class=&#8221;stm-mt-icon-box-adaptive-style-one&#8221;][vc_column offset=&#8221;vc_col-lg-6&#8243; css=&#8221;.vc_custom_1448967644598{margin-bottom: 30px !important;}&#8221;][stm_icon_box icon=&#8221;stm-icon-car_search&#8221; icon_size=&#8221;54&#8243; box_bg_color=&#8221;#fab637&#8243; box_text_color=&#8221;#232628&#8243; link=&#8221;url:https%3A%2F%2Fsamochodzusa.pl%2Findex.php%2Fservice%2F|title:Nasze%20realizacje&#8221; title=&#8221;Szukasz samochodu?&#8221; line_height=&#8221;17&#8243; icon_color=&#8221;#232628&#8243;]Pomo\u017cemy Ci znale\u017a\u0107 tw\u00f3j wymarzony samoch\u00f3d! I sprowadzimy go dla ciebie przy minimum formalno\u015bci![\/stm_icon_box][\/vc_column][vc_column offset=&#8221;vc_col-lg-6&#8243; css=&#8221;.vc_custom_1448967649806{margin-bottom: 30px !important;}&#8221;][stm_icon_box icon=&#8221;stm-icon-car_sale&#8221; title=&#8221;Chcesz kupi\u0107 auto taniej ni\u017c&#8230;<\/p>\n","protected":false},"author":1,"featured_media":0,"parent":0,"menu_order":0,"comment_status":"closed","ping_status":"closed","template":"","meta":{"footnotes":""},"class_list":["post-1360","page","type-page","status-publish","hentry"],"_links":{"self":[{"href":"https:\/\/wieliczka.samochodzusa.pl\/index.php\/wp-json\/wp\/v2\/pages\/1360","targetHints":{"allow":["GET"]}}],"collection":[{"href":"https:\/\/wieliczka.samochodzusa.pl\/index.php\/wp-json\/wp\/v2\/pages"}],"about":[{"href":"https:\/\/wieliczka.samochodzusa.pl\/index.php\/wp-json\/wp\/v2\/types\/page"}],"author":[{"embeddable":true,"href":"https:\/\/wieliczka.samochodzusa.pl\/index.php\/wp-json\/wp\/v2\/users\/1"}],"replies":[{"embeddable":true,"href":"https:\/\/wieliczka.samochodzusa.pl\/index.php\/wp-json\/wp\/v2\/comments?post=1360"}],"version-history":[{"count":9,"href":"https:\/\/wieliczka.samochodzusa.pl\/index.php\/wp-json\/wp\/v2\/pages\/1360\/revisions"}],"predecessor-version":[{"id":4030,"href":"https:\/\/wieliczka.samochodzusa.pl\/index.php\/wp-json\/wp\/v2\/pages\/1360\/revisions\/4030"}],"wp:attachment":[{"href":"https:\/\/wieliczka.samochodzusa.pl\/index.php\/wp-json\/wp\/v2\/media?parent=1360"}],"curies":[{"name":"wp","href":"https:\/\/api.w.org\/{rel}","templated":true}]}}